{"id":8277,"date":"2025-02-08T13:45:29","date_gmt":"2025-02-08T12:45:29","guid":{"rendered":"https:\/\/bellagirlmagazin.hu\/?page_id=8277"},"modified":"2025-04-08T15:48:01","modified_gmt":"2025-04-08T13:48:01","slug":"inea","status":"publish","type":"page","link":"https:\/\/bellagirlmagazin.hu\/?page_id=8277","title":{"rendered":"IN\u00c9A"},"content":{"rendered":"<p>Az Igaz N\u0151i \u00c9rt\u00e9kek\u00e9rt Alap\u00edtv\u00e1ny (IN\u00c9A) 2015-ben j\u00f6tt l\u00e9tre, hogy seg\u00edtse a fiatal l\u00e1nyokat \u00e9s n\u0151ket abban, hogy kereszt\u00e9ny hit\u00fckben \u00e9s elh\u00edv\u00e1sukban bet\u00f6lthess\u00e9k saj\u00e1tos n\u0151i szerep\u00fcket a t\u00e1rsadalomban. Az alap\u00edtv\u00e1ny c\u00e9lja el\u00e9r\u00e9se \u00e9rdek\u00e9ben felekezeti hovatartoz\u00e1st\u00f3l f\u00fcggetlen\u00fcl \u00f6sszefog\u00e1sra b\u00e1tor\u00edtja a kereszt\u00e9ny n\u0151ket \u00e9s f\u00e9rfiakat. Hissz\u00fck, hogy \u00f6sszefog\u00e1ssal lehet igazi v\u00e1ltoz\u00e1st el\u00e9rni.<\/p>\n<p>Az alap\u00edtv\u00e1ny kur\u00e1tora <strong>T\u00f3th-Sur\u00e1nyi Nikoletta<\/strong>. M\u0171k\u00f6d\u00e9s\u00e9t teljes eg\u00e9sz\u00e9ben egy elk\u00f6telezett \u00f6nk\u00e9ntes csapat szervezi \u00e9s v\u00e9gzi, bele\u00e9rtve a <strong>Bella Girl Magazin<\/strong> szerkeszt\u00e9s\u00e9nek minden munkafolyamat\u00e1t is. Az alap\u00edtv\u00e1ny m\u0171k\u00f6d\u00e9si k\u00f6lts\u00e9geit \u00e9s a magazin kiad\u00e1s\u00e1nak felmer\u00fcl\u0151 k\u00f6lts\u00e9geit <strong>mag\u00e1nszem\u00e9lyek adom\u00e1nyai fedezik<\/strong>, \u00edgy minden t\u00e1mogat\u00e1s k\u00f6zvetlen\u00fcl hozz\u00e1j\u00e1rul a k\u00fcldet\u00e9s\u00fcnk megval\u00f3s\u00edt\u00e1s\u00e1hoz.<\/p>\n<p>Igaz N\u0151i \u00c9rt\u00e9kek\u00e9rt Alap\u00edtv\u00e1ny elk\u00f6telezetten dolgozik azon, hogy a mai fiatal n\u0151k sz\u00e1m\u00e1ra a Bella Girl Magazinon kereszt\u00fcl <strong>bibliai alap\u00fa, hiteles \u00e9s inspir\u00e1l\u00f3 v\u00e1laszokat<\/strong> adjon az \u00e9let kih\u00edv\u00e1saira.<\/p>\n<p><strong>T\u00c1MOGASD ALAP\u00cdTV\u00c1NYUNKAT!<\/strong><\/p>\n<p>A Bella Girl Magazin minden mozzanata \u00f6nk\u00e9ntes felaj\u00e1nl\u00e1sok \u00e1ltal val\u00f3sul meg, ami minket is folyamatosan arra tan\u00edt, hogy sz\u00fcntelen\u00fcl b\u00edzzunk az \u00dar gondvisel\u00e9s\u00e9ben.<\/p>\n<p><strong>\u201eMert minden j\u00f3 adom\u00e1ny \u00e9s t\u00f6k\u00e9letes aj\u00e1nd\u00e9k fel\u00fclr\u0151l val\u00f3, \u00e9s a vil\u00e1goss\u00e1g Atyj\u00e1t\u00f3l sz\u00e1ll al\u00e1.\u201d (Jakab 1:17)<\/strong><\/p>\n<p>Ha a sz\u00edvedben ind\u00edt\u00e1st \u00e9rzel, hogy t\u00e1mogass benn\u00fcnket, adom\u00e1nyodat az al\u00e1bbi m\u00f3don k\u00fcldheted el:<br \/>\nIgaz N\u0151i \u00c9rt\u00e9kek\u00e9rt Alap\u00edtv\u00e1ny<br \/>\nK&amp;H Bank: 1040-1282-5052-6978-6785-1001<br \/>\nIBAN sz\u00e1m: HU54 10401282-50526978-67851001<br \/>\nK\u00f6zlem\u00e9ny: adom\u00e1ny ( m\u0171k\u00f6d\u00e9si k\u00f6lts\u00e9gre, nyomtatott magazin megjelen\u00e9s\u00e9re, online magazin marketing kommunik\u00e1ci\u00f3s k\u00f6lts\u00e9geire, egy\u00e9b)<\/p>\n","protected":false},"excerpt":{"rendered":"<p>Az Igaz N\u0151i \u00c9rt\u00e9kek\u00e9rt Alap\u00edtv\u00e1ny (IN\u00c9A) 2015-ben j\u00f6tt l\u00e9tre, hogy seg\u00edtse a fiatal l\u00e1nyokat \u00e9s n\u0151ket abban, hogy kereszt\u00e9ny hit\u00fckben \u00e9s elh\u00edv\u00e1sukban bet\u00f6lthess\u00e9k saj\u00e1tos n\u0151i szerep\u00fcket a t\u00e1rsadalomban. Az alap\u00edtv\u00e1ny c\u00e9lja el\u00e9r\u00e9se \u00e9rdek\u00e9ben felekezeti hovatartoz\u00e1st\u00f3l f\u00fcggetlen\u00fcl \u00f6sszefog\u00e1sra b\u00e1tor\u00edtja a kereszt\u00e9ny n\u0151ket \u00e9s f\u00e9rfiakat. Hissz\u00fck, hogy \u00f6sszefog\u00e1ssal lehet igazi v\u00e1ltoz\u00e1st el\u00e9rni. Az alap\u00edtv\u00e1ny kur\u00e1tora T\u00f3th-Sur\u00e1nyi Nikoletta&#8230;.<a class=\"btnReadMore blake-von-hauer-font-3\" href=\"https:\/\/bellagirlmagazin.hu\/?page_id=8277\"> \/ TOV\u00c1BB OLVASOM \/<\/a><\/p>\n","protected":false},"author":1,"featured_media":0,"parent":0,"menu_order":0,"comment_status":"closed","ping_status":"closed","template":"","meta":{"ngg_post_thumbnail":0,"footnotes":""},"aioseo_notices":[],"jetpack-related-posts":[],"jetpack_sharing_enabled":true,"_links":{"self":[{"href":"https:\/\/bellagirlmagazin.hu\/index.php?rest_route=\/wp\/v2\/pages\/8277"}],"collection":[{"href":"https:\/\/bellagirlmagazin.hu\/index.php?rest_route=\/wp\/v2\/pages"}],"about":[{"href":"https:\/\/bellagirlmagazin.hu\/index.php?rest_route=\/wp\/v2\/types\/page"}],"author":[{"embeddable":true,"href":"https:\/\/bellagirlmagazin.hu\/index.php?rest_route=\/wp\/v2\/users\/1"}],"replies":[{"embeddable":true,"href":"https:\/\/bellagirlmagazin.hu\/index.php?rest_route=%2Fwp%2Fv2%2Fcomments&post=8277"}],"version-history":[{"count":3,"href":"https:\/\/bellagirlmagazin.hu\/index.php?rest_route=\/wp\/v2\/pages\/8277\/revisions"}],"predecessor-version":[{"id":8312,"href":"https:\/\/bellagirlmagazin.hu\/index.php?rest_route=\/wp\/v2\/pages\/8277\/revisions\/8312"}],"wp:attachment":[{"href":"https:\/\/bellagirlmagazin.hu\/index.php?rest_route=%2Fwp%2Fv2%2Fmedia&parent=8277"}],"curies":[{"name":"wp","href":"https:\/\/api.w.org\/{rel}","templated":true}]}}