{"id":8040,"date":"2024-03-19T22:07:38","date_gmt":"2024-03-19T21:07:38","guid":{"rendered":"https:\/\/bellagirlmagazin.hu\/?page_id=8040"},"modified":"2024-03-19T22:07:38","modified_gmt":"2024-03-19T21:07:38","slug":"kissne-kovacs-annamaria","status":"publish","type":"page","link":"https:\/\/bellagirlmagazin.hu\/?page_id=8040","title":{"rendered":"Kissn\u00e9 Kov\u00e1cs Annam\u00e1ria"},"content":{"rendered":"<p>Anna vagyok, a&nbsp; bella girl magazin youtube csatorna k\u00e9sz\u00edt\u0151je, feles\u00e9g, egy kisfi\u00fa \u00e9desanyja, gy\u00f3gyszer\u00e9sz \u00e9s ami a legfontosabb Isten gyermeke. Ez ut\u00f3bbi adja az&nbsp; identit\u00e1som alapj\u00e1t, melybe kirak\u00f3sk\u00e9nt \u00e9p\u00fcl bele a t\u00f6bbi: minden szerepemben azt keresem mire h\u00edv el Isten.<br \/>\nM\u00e1r tin\u00e9dzserk\u00e9nt foglalkoztatott a kereszt\u00e9ny p\u00e1rkeres\u00e9s \u00e9s h\u00e1zass\u00e1g, illetve a n\u0151iess\u00e9g t\u00e9mak\u00f6re, \u00fagy gondolom Isten k\u00e9sz\u00edtett engem. Meghat\u00e1roz\u00f3v\u00e1 v\u00e1lt sz\u00e1momra Elisabeth Elliot gondolata: &#8220;Arra sz\u00fclettem, hogy n\u0151 legyek. Az a t\u00e9ny, hogy n\u0151 vagyok, nem tesz engem m\u00e1sfajta kereszty\u00e9nn\u00e9, de az a t\u00e9ny, hogy kereszty\u00e9n vagyok, m\u00e1sfajta n\u0151v\u00e9 tesz. Ez\u00e9rt elfogadtam Istennek r\u00f3lam alkotott elk\u00e9pzel\u00e9s\u00e9t, \u00e9s eg\u00e9sz \u00e9letem mindenest\u0151l felaj\u00e1nlom neki &#8211; \u00e9n aki vagyok, \u00e9s akiv\u00e9 form\u00e1lni akar.&#8221;<br \/>\nEgyetemista koromban ismertem meg a Bella Girl magazin f\u0151szerkeszt\u0151j\u00e9t Nikit, akivel nagyon egy\u00fctt dobbant a sz\u00edv\u00fcnk a fiatal l\u00e1nyok\u00e9rt \u00e9s azonnal jelentkeztem \u00f6nk\u00e9ntesnek&nbsp; magazinhoz. Eleinte vide\u00f3kat \u00e9s cikkeket ford\u00edtottam,&nbsp; de Isten elkezdte a sz\u00edvemre helyezni a vlogol\u00e1s gondolat\u00e1t. N\u00f6vekedett bennem a v\u00e1gy, hogy az \u00dar \u00fczenete az \u00e9n hangomon kereszt\u00fcl is ott legyen az interneten v\u00e1laszokat keres\u0151k sz\u00e1m\u00e1ra, hogy Isten megsz\u00f3l\u00edthassa \u00e9s meg\u00e9rinthesse \u0151ket .&nbsp;<\/p>\n<p>Hiszem azt, hogy Istennek j\u00f3 terve van az \u00e9let\u00fcnkre \u00e9s \u0150 megtan\u00edt minket a sz\u00edv\u00fcnkre vigy\u00e1zni,ha n\u00e1la keres\u00fcnk \u00fatmutat\u00e1st.<\/p>\n<p>A sz\u00edv\u00fcnk tele van v\u00e1gyakkal: v\u00e1gyunk t\u00e1rsra, v\u00e1gyunk a szerelemre, a test\u00fcnk pedig s\u00f3v\u00e1rog az intimit\u00e1s ut\u00e1n. Isten, aki bel\u00e9nk teremtette ezeket a v\u00e1gyakat, be is szeretn\u00e9 t\u00f6lteni azokat a maga idej\u00e9ben. \u0150 gy\u00f6ny\u00f6r\u0171nek \u00e1lmodta meg az igaz szerelmet \u00e9s T\u00e9ged is, &#8211; aki ezt olvasod &#8211; meg akar vele aj\u00e1nd\u00e9kozni. De ehhez hinned kell Benne. Hinni Istenben nem puszt\u00e1n azt jelenti, hogy a l\u00e9tez\u00e9s\u00e9ben hiszel, hanem, hogy megb\u00edzol benne. Megb\u00edzol abban, hogy a Mindenhat\u00f3, aki az ember, a szerelem, a szex tervez\u0151je \u00e9s teremt\u0151je pontosan tudja, hogy mit csin\u00e1l. Ha azt mondja \u201etedd\u201d vagy \u201ene tedd\u201d azt okkal teszi. Megb\u00edzol abban, hogy \u0150 t\u00e9nyleg j\u00f3t akar neked, ez\u00e9rt mersz az \u0150 vezet\u00e9s\u00e9re hagyatkozni. Ha ezt teszed a szerelem \u00e9s a szexualit\u00e1s ter\u00e9n is meg fogod tapasztalni az \u0150 aj\u00e1nd\u00e9kait.<\/p>\n<p>\u00c9n ezzel a bizalommal v\u00e1rtam a t\u00e1rsamra \u00e9s sokat im\u00e1dkoztam vezet\u00e9s\u00e9rt. Elmondhatom, hogy Isten fel\u00fclm\u00falta az elk\u00e9pzel\u00e9seimet, \u00e9s minden apr\u00f3 r\u00e9szletre figyelt!<\/p>\n<p>Ne k\u00f6nny\u0171 Isten terv\u00e9re v\u00e1rni, de meg\u00e9ri.<\/p>\n<p>K\u00edv\u00e1nom, hogy Te is megismerd Isten akarat\u00e1t \u00e9s Ig\u00e9j\u00e9t, hogy felismerhesd vezet\u00e9s\u00e9t a saj\u00e1t szerelmi \u00e9letedben!<\/p>\n<p>&nbsp;<\/p>\n","protected":false},"excerpt":{"rendered":"<p>Anna vagyok, a&nbsp; bella girl magazin youtube csatorna k\u00e9sz\u00edt\u0151je, feles\u00e9g, egy kisfi\u00fa \u00e9desanyja, gy\u00f3gyszer\u00e9sz \u00e9s ami a legfontosabb Isten gyermeke. Ez ut\u00f3bbi adja az&nbsp; identit\u00e1som alapj\u00e1t, melybe kirak\u00f3sk\u00e9nt \u00e9p\u00fcl bele a t\u00f6bbi: minden szerepemben azt keresem mire h\u00edv el Isten. M\u00e1r tin\u00e9dzserk\u00e9nt foglalkoztatott a kereszt\u00e9ny p\u00e1rkeres\u00e9s \u00e9s h\u00e1zass\u00e1g, illetve a n\u0151iess\u00e9g t\u00e9mak\u00f6re, \u00fagy gondolom Isten&#8230;<a class=\"btnReadMore blake-von-hauer-font-3\" href=\"https:\/\/bellagirlmagazin.hu\/?page_id=8040\"> \/ TOV\u00c1BB OLVASOM \/<\/a><\/p>\n","protected":false},"author":1,"featured_media":0,"parent":0,"menu_order":0,"comment_status":"closed","ping_status":"closed","template":"","meta":{"ngg_post_thumbnail":0,"footnotes":""},"aioseo_notices":[],"jetpack-related-posts":[],"jetpack_sharing_enabled":true,"_links":{"self":[{"href":"https:\/\/bellagirlmagazin.hu\/index.php?rest_route=\/wp\/v2\/pages\/8040"}],"collection":[{"href":"https:\/\/bellagirlmagazin.hu\/index.php?rest_route=\/wp\/v2\/pages"}],"about":[{"href":"https:\/\/bellagirlmagazin.hu\/index.php?rest_route=\/wp\/v2\/types\/page"}],"author":[{"embeddable":true,"href":"https:\/\/bellagirlmagazin.hu\/index.php?rest_route=\/wp\/v2\/users\/1"}],"replies":[{"embeddable":true,"href":"https:\/\/bellagirlmagazin.hu\/index.php?rest_route=%2Fwp%2Fv2%2Fcomments&post=8040"}],"version-history":[{"count":1,"href":"https:\/\/bellagirlmagazin.hu\/index.php?rest_route=\/wp\/v2\/pages\/8040\/revisions"}],"predecessor-version":[{"id":8041,"href":"https:\/\/bellagirlmagazin.hu\/index.php?rest_route=\/wp\/v2\/pages\/8040\/revisions\/8041"}],"wp:attachment":[{"href":"https:\/\/bellagirlmagazin.hu\/index.php?rest_route=%2Fwp%2Fv2%2Fmedia&parent=8040"}],"curies":[{"name":"wp","href":"https:\/\/api.w.org\/{rel}","templated":true}]}}