{"id":8036,"date":"2024-03-19T22:05:26","date_gmt":"2024-03-19T21:05:26","guid":{"rendered":"https:\/\/bellagirlmagazin.hu\/?page_id=8036"},"modified":"2024-03-19T22:05:47","modified_gmt":"2024-03-19T21:05:47","slug":"konrad-gyemant-timea","status":"publish","type":"page","link":"https:\/\/bellagirlmagazin.hu\/?page_id=8036","title":{"rendered":"Konr\u00e1d-Gy\u00e9m\u00e1nt T\u00edmea"},"content":{"rendered":"<p>Sziasztok!<\/p>\n<p>34 \u00e9ves vagyok, sz\u00e1llodai recepci\u00f3sk\u00e9nt dolgozom, amit nagyon szeretek, mert sz\u00edvesen ismerkedek emberekkel a vil\u00e1g k\u00fcl\u00f6nb\u00f6z\u0151 pontjair\u00f3l. A sz\u00ednes kult\u00far\u00e1k a munkahelyemre j\u00f6nnek, \u00edgy ki se kell tennem a l\u00e1bam, hogy sz\u00e1momra idegen szok\u00e1sokkal, hagyom\u00e1nyokkal tal\u00e1lkozhassanak. Szeretek emberekkel foglalkozni, seg\u00edteni nekik, \u00e9s a probl\u00e9m\u00e1kat min\u00e9l hat\u00e9konyabban megoldani. Id\u00e9n nagy v\u00e1ltoz\u00e1s j\u00f6tt az \u00e9let\u00fcnkbe, egy gyermekkel \u00e1ldott meg minket az \u00dar, \u00edgy jelenleg otthon vagyok a kisfiunkkal, aki Isten csod\u00e1latos aj\u00e1nd\u00e9ka.<\/p>\n<p>Mivel mindig is szerettem olvasni \u00e9s fogalmazni, valamint sz\u00edvemen viselem m\u00e1sok \u00e9let\u00e9t, ez\u00e9rt amikor megtal\u00e1ltam a Bella Girl Magazin oldal\u00e1t, nagyon meg\u00f6r\u00fcltem, hogy r\u00e9szese lehetek ennek a szuper csapatnak!<\/p>\n<p>Rem\u00e9lem, hogy cikkeim az olvas\u00f3knak hasznos, \u00e9rdekes pillanatokat adnak, s ez\u00e1ltal \u00e9n is hozz\u00e1j\u00e1rulhatok, hogy az igaz, Isten szerinti \u00e9rt\u00e9kek egyre nagyobb jelent\u0151s\u00e9get kapjanak, amelyek seg\u00edtenek eligazodni a mindennapi \u00e9let izgalmas \u00e9s kih\u00edv\u00e1sokkal teli \u00fatjain. J\u00e9zus \u00e1ltal \u00faj \u00e9letem van, \u00e9s v\u00e1gyam, hogy az \u0151 szeretet\u00e9t min\u00e9l t\u00f6bben megtapasztalj\u00e1k, ak\u00e1r az \u00e9n \u00edr\u00e1saimon kereszt\u00fcl is.<\/p>\n<p>Fontos r\u00e9sz: J\u00e9zus \u00e1ltal \u00faj \u00e9letem van, \u00e9s v\u00e1gyam, hogy az \u0151 szeretet\u00e9t min\u00e9l t\u00f6bben megtapasztalj\u00e1k, ak\u00e1r az \u00e9n \u00edr\u00e1saimon kereszt\u00fcl is.<\/p>\n<p>&nbsp;<\/p>\n","protected":false},"excerpt":{"rendered":"<p>Sziasztok! 34 \u00e9ves vagyok, sz\u00e1llodai recepci\u00f3sk\u00e9nt dolgozom, amit nagyon szeretek, mert sz\u00edvesen ismerkedek emberekkel a vil\u00e1g k\u00fcl\u00f6nb\u00f6z\u0151 pontjair\u00f3l. A sz\u00ednes kult\u00far\u00e1k a munkahelyemre j\u00f6nnek, \u00edgy ki se kell tennem a l\u00e1bam, hogy sz\u00e1momra idegen szok\u00e1sokkal, hagyom\u00e1nyokkal tal\u00e1lkozhassanak. Szeretek emberekkel foglalkozni, seg\u00edteni nekik, \u00e9s a probl\u00e9m\u00e1kat min\u00e9l hat\u00e9konyabban megoldani. Id\u00e9n nagy v\u00e1ltoz\u00e1s j\u00f6tt az \u00e9let\u00fcnkbe, egy&#8230;<a class=\"btnReadMore blake-von-hauer-font-3\" href=\"https:\/\/bellagirlmagazin.hu\/?page_id=8036\"> \/ TOV\u00c1BB OLVASOM \/<\/a><\/p>\n","protected":false},"author":1,"featured_media":0,"parent":0,"menu_order":0,"comment_status":"closed","ping_status":"closed","template":"","meta":{"ngg_post_thumbnail":0,"footnotes":""},"aioseo_notices":[],"jetpack-related-posts":[],"jetpack_sharing_enabled":true,"_links":{"self":[{"href":"https:\/\/bellagirlmagazin.hu\/index.php?rest_route=\/wp\/v2\/pages\/8036"}],"collection":[{"href":"https:\/\/bellagirlmagazin.hu\/index.php?rest_route=\/wp\/v2\/pages"}],"about":[{"href":"https:\/\/bellagirlmagazin.hu\/index.php?rest_route=\/wp\/v2\/types\/page"}],"author":[{"embeddable":true,"href":"https:\/\/bellagirlmagazin.hu\/index.php?rest_route=\/wp\/v2\/users\/1"}],"replies":[{"embeddable":true,"href":"https:\/\/bellagirlmagazin.hu\/index.php?rest_route=%2Fwp%2Fv2%2Fcomments&post=8036"}],"version-history":[{"count":1,"href":"https:\/\/bellagirlmagazin.hu\/index.php?rest_route=\/wp\/v2\/pages\/8036\/revisions"}],"predecessor-version":[{"id":8037,"href":"https:\/\/bellagirlmagazin.hu\/index.php?rest_route=\/wp\/v2\/pages\/8036\/revisions\/8037"}],"wp:attachment":[{"href":"https:\/\/bellagirlmagazin.hu\/index.php?rest_route=%2Fwp%2Fv2%2Fmedia&parent=8036"}],"curies":[{"name":"wp","href":"https:\/\/api.w.org\/{rel}","templated":true}]}}