{"id":8032,"date":"2024-03-19T22:03:09","date_gmt":"2024-03-19T21:03:09","guid":{"rendered":"https:\/\/bellagirlmagazin.hu\/?page_id=8032"},"modified":"2024-03-19T22:03:09","modified_gmt":"2024-03-19T21:03:09","slug":"csatari-fanni","status":"publish","type":"page","link":"https:\/\/bellagirlmagazin.hu\/?page_id=8032","title":{"rendered":"Csat\u00e1ri Fanni"},"content":{"rendered":"<h4>Csat\u00e1ri Fanni vagyok, negyed\u00e9ves tan\u00e1r szakos hallgat\u00f3 a Debreceni Egyetemen, \u00e9s amat\u0151r sz\u00f3zsongl\u0151r. A Bella Girl Magazinba m\u00e9g gimn\u00e1ziumi \u00e9veim elej\u00e9n ker\u00fcltem, s ahogyan most visszakerestem az akkori bemutatkoz\u00f3 sz\u00f6vegemet, mosolyognom kellett. Nagyon sok mindent megosztottam magamb\u00f3l, az istenkapcsolatomb\u00f3l a magazin lapjain az elm\u00falt \u00e9vek sor\u00e1n. Hol nyomtatott, hol online form\u00e1ban jelennek meg soraim, de mindig nagy \u00e1ld\u00e1snak, aj\u00e1nd\u00e9knak tekintem, hogy \u00edrhatok. Hiszem, hogy nem magamt\u00f3l j\u00f6nnek ezek a gondolatok, van az \u00edr\u00e1sban egy von\u00f3val a Szentl\u00e9lekb\u0151l is- vagy lehet\u0151s\u00e9g szerint min\u00e9l t\u00f6bb von\u00f3val.<\/h4>\n<h4>Sz\u00edvesen tanulok idegen nyelveket, \u00e9rdekelnek a spanyol, a horv\u00e1t nyelvek \u00e9s a jelnyelv, jelenleg pedig angol-n\u00e9met tan\u00e1ri szakon tanulok. \u00c9vekkel ezel\u0151tt azt \u00edrtam a bemutatkoz\u00f3mban, hogy pszichol\u00f3gi\u00e1val szeretn\u00e9k foglalkozni a j\u00f6v\u0151ben, s ezekr\u0151l a t\u00e9m\u00e1kr\u00f3l \u00edrok itt a magazinban is, de az \u00daristen csavart egyet a sztorin, \u00e9s v\u00e9g\u00fcl pedag\u00f3gia szakra ker\u00fcltem. De az\u00e9rt \u00e9n m\u00e9g mindig \u00edrok pszichol\u00f3giai t\u00e9m\u00e1kr\u00f3l\u2026 is. Meg mindenr\u0151l, ami szembe j\u00f6n az \u00e9letemben.<\/h4>\n<h4>Fiatal feln\u0151ttk\u00e9nt keresem az utamat a nagyvil\u00e1gban, pr\u00f3b\u00e1lom megtal\u00e1lni az egyens\u00falyt, a v\u00e1laszaimat a k\u00e9rd\u00e9seimre, form\u00e1l\u00f3dni \u00e9s gy\u00f3gyulni, mindezt Isten kez\u00e9be kapaszkodva. Azt\u00e1n ez mikor, hogy siker\u00fcl. Szabadid\u0151mben, ha lenne, sz\u00edvesen olvasn\u00e9k\u2026 na j\u00f3. Teh\u00e1t sz\u00edvesen olvasok reg\u00e9nyeket, verseket mindh\u00e1rom besz\u00e9lt nyelvemen vagy sorozatokat n\u00e9zek. Nagyon szeretek fot\u00f3zni \u00e9s \u00e9nekelni, \u00e9lvezem a term\u00e9szetben t\u00f6lt\u00f6tt id\u0151t, azt meg k\u00fcl\u00f6n\u00f6sen, ha a csal\u00e1dommal, bar\u00e1taimmal vagy a p\u00e1rommal t\u00f6lthetek min\u0151s\u00e9gi id\u0151t.&nbsp;<\/h4>\n<h4>&nbsp;<\/h4>\n","protected":false},"excerpt":{"rendered":"<p>Csat\u00e1ri Fanni vagyok, negyed\u00e9ves tan\u00e1r szakos hallgat\u00f3 a Debreceni Egyetemen, \u00e9s amat\u0151r sz\u00f3zsongl\u0151r. A Bella Girl Magazinba m\u00e9g gimn\u00e1ziumi \u00e9veim elej\u00e9n ker\u00fcltem, s ahogyan most visszakerestem az akkori bemutatkoz\u00f3 sz\u00f6vegemet, mosolyognom kellett. Nagyon sok mindent megosztottam magamb\u00f3l, az istenkapcsolatomb\u00f3l a magazin lapjain az elm\u00falt \u00e9vek sor\u00e1n. Hol nyomtatott, hol online form\u00e1ban jelennek meg soraim, de&#8230;<a class=\"btnReadMore blake-von-hauer-font-3\" href=\"https:\/\/bellagirlmagazin.hu\/?page_id=8032\"> \/ TOV\u00c1BB OLVASOM \/<\/a><\/p>\n","protected":false},"author":1,"featured_media":0,"parent":0,"menu_order":0,"comment_status":"closed","ping_status":"closed","template":"","meta":{"ngg_post_thumbnail":0,"footnotes":""},"aioseo_notices":[],"jetpack-related-posts":[],"jetpack_sharing_enabled":true,"_links":{"self":[{"href":"https:\/\/bellagirlmagazin.hu\/index.php?rest_route=\/wp\/v2\/pages\/8032"}],"collection":[{"href":"https:\/\/bellagirlmagazin.hu\/index.php?rest_route=\/wp\/v2\/pages"}],"about":[{"href":"https:\/\/bellagirlmagazin.hu\/index.php?rest_route=\/wp\/v2\/types\/page"}],"author":[{"embeddable":true,"href":"https:\/\/bellagirlmagazin.hu\/index.php?rest_route=\/wp\/v2\/users\/1"}],"replies":[{"embeddable":true,"href":"https:\/\/bellagirlmagazin.hu\/index.php?rest_route=%2Fwp%2Fv2%2Fcomments&post=8032"}],"version-history":[{"count":1,"href":"https:\/\/bellagirlmagazin.hu\/index.php?rest_route=\/wp\/v2\/pages\/8032\/revisions"}],"predecessor-version":[{"id":8033,"href":"https:\/\/bellagirlmagazin.hu\/index.php?rest_route=\/wp\/v2\/pages\/8032\/revisions\/8033"}],"wp:attachment":[{"href":"https:\/\/bellagirlmagazin.hu\/index.php?rest_route=%2Fwp%2Fv2%2Fmedia&parent=8032"}],"curies":[{"name":"wp","href":"https:\/\/api.w.org\/{rel}","templated":true}]}}