{"id":8028,"date":"2024-03-19T22:01:03","date_gmt":"2024-03-19T21:01:03","guid":{"rendered":"https:\/\/bellagirlmagazin.hu\/?page_id=8028"},"modified":"2024-03-19T22:01:03","modified_gmt":"2024-03-19T21:01:03","slug":"unger-lilla-zenko","status":"publish","type":"page","link":"https:\/\/bellagirlmagazin.hu\/?page_id=8028","title":{"rendered":"Unger Lilla-Zenk\u0151"},"content":{"rendered":"<h4>Unger Lilla-Zenk\u0151 vagyok Marosv\u00e1s\u00e1rhelyr\u0151l. Huszonk\u00e9t \u00e9ves \u00e9s a kolozsv\u00e1ri Zeneakad\u00e9mia heged\u0171 szakos hallgat\u00f3ja vagyok. Sz\u00e1momra a zene a legfontosabb kifejez\u00e9si eszk\u00f6z, illetve ennek a folyamatos t\u00f6k\u00e9letes\u00edt\u00e9se \u00e9s elm\u00e9ly\u00edt\u00e9se. Ugyanakkor pr\u00f3b\u00e1lom a hitemet gyakorolni \u00e9s belecsemp\u00e9szni a mindennapjaimba.&nbsp;<\/h4>\n<h4>A Bella Girl magazint egy bar\u00e1tn\u0151m\u00f6n kereszt\u00fcl ismertem meg. Mindig is k\u00e9sztet\u00e9st \u00e9reztem arra, hogy \u00edrjak, elm\u00e9lkedjek, ugyanakkor sz\u00e1momra fontos, hogy ezeket a gondolatokat megosszam m\u00e1sokkal. \u00dagy v\u00e9lem, hogy a zene mellett a tiszta \u00e9s vil\u00e1gos besz\u00e9d az, ami rem\u00e9nyt tud adni az emberek \u00e9let\u00e9ben.<\/h4>\n<p>&nbsp;<\/p>\n","protected":false},"excerpt":{"rendered":"<p>Unger Lilla-Zenk\u0151 vagyok Marosv\u00e1s\u00e1rhelyr\u0151l. Huszonk\u00e9t \u00e9ves \u00e9s a kolozsv\u00e1ri Zeneakad\u00e9mia heged\u0171 szakos hallgat\u00f3ja vagyok. Sz\u00e1momra a zene a legfontosabb kifejez\u00e9si eszk\u00f6z, illetve ennek a folyamatos t\u00f6k\u00e9letes\u00edt\u00e9se \u00e9s elm\u00e9ly\u00edt\u00e9se. Ugyanakkor pr\u00f3b\u00e1lom a hitemet gyakorolni \u00e9s belecsemp\u00e9szni a mindennapjaimba.&nbsp; A Bella Girl magazint egy bar\u00e1tn\u0151m\u00f6n kereszt\u00fcl ismertem meg. Mindig is k\u00e9sztet\u00e9st \u00e9reztem arra, hogy \u00edrjak, elm\u00e9lkedjek, ugyanakkor&#8230;<a class=\"btnReadMore blake-von-hauer-font-3\" href=\"https:\/\/bellagirlmagazin.hu\/?page_id=8028\"> \/ TOV\u00c1BB OLVASOM \/<\/a><\/p>\n","protected":false},"author":1,"featured_media":0,"parent":0,"menu_order":0,"comment_status":"closed","ping_status":"closed","template":"","meta":{"ngg_post_thumbnail":0,"footnotes":""},"aioseo_notices":[],"jetpack-related-posts":[],"jetpack_sharing_enabled":true,"_links":{"self":[{"href":"https:\/\/bellagirlmagazin.hu\/index.php?rest_route=\/wp\/v2\/pages\/8028"}],"collection":[{"href":"https:\/\/bellagirlmagazin.hu\/index.php?rest_route=\/wp\/v2\/pages"}],"about":[{"href":"https:\/\/bellagirlmagazin.hu\/index.php?rest_route=\/wp\/v2\/types\/page"}],"author":[{"embeddable":true,"href":"https:\/\/bellagirlmagazin.hu\/index.php?rest_route=\/wp\/v2\/users\/1"}],"replies":[{"embeddable":true,"href":"https:\/\/bellagirlmagazin.hu\/index.php?rest_route=%2Fwp%2Fv2%2Fcomments&post=8028"}],"version-history":[{"count":1,"href":"https:\/\/bellagirlmagazin.hu\/index.php?rest_route=\/wp\/v2\/pages\/8028\/revisions"}],"predecessor-version":[{"id":8029,"href":"https:\/\/bellagirlmagazin.hu\/index.php?rest_route=\/wp\/v2\/pages\/8028\/revisions\/8029"}],"wp:attachment":[{"href":"https:\/\/bellagirlmagazin.hu\/index.php?rest_route=%2Fwp%2Fv2%2Fmedia&parent=8028"}],"curies":[{"name":"wp","href":"https:\/\/api.w.org\/{rel}","templated":true}]}}