{"id":8026,"date":"2024-03-19T22:00:08","date_gmt":"2024-03-19T21:00:08","guid":{"rendered":"https:\/\/bellagirlmagazin.hu\/?page_id=8026"},"modified":"2024-03-19T22:00:08","modified_gmt":"2024-03-19T21:00:08","slug":"benedek-rakhel-mirjam","status":"publish","type":"page","link":"https:\/\/bellagirlmagazin.hu\/?page_id=8026","title":{"rendered":"Benedek R\u00e1khel \u2013 Mirj\u00e1m"},"content":{"rendered":"<h4>M\u00e1r gyermekkoromban tal\u00e1lkoztam az \u00dar J\u00e9zussal, de \u00fagy igaz\u00e1n hat \u00e9vvel ezel\u0151tt lettem az \u00d6v\u00e9, az \u0150 megv\u00e1ltott gyermeke, b\u00e1r\u00e1nyk\u00e1ja. Az\u00f3ta foglalkoztat Isten terve az \u00e9letemre n\u00e9zve, annak a szolg\u00e1lati ter\u00fcletnek a megtal\u00e1l\u00e1sa, ahol \u0150 szeretne l\u00e1tni engem.&nbsp;<\/h4>\n<h4>A Bella Girl Magazinnal tinik\u00e9nt tal\u00e1lkoztam, el\u0151sz\u00f6r a vide\u00f3kat n\u00e9zegett\u00fck a bar\u00e1tn\u0151immel egy\u00fctt, majd a cikkeket is sz\u00edvesen olvasgattam. Az eszembe se jutott, hogy egyszer majd \u00e9n is r\u00e9szt veszek benne, \u00edr\u00f3k\u00e9nt. Hisz egyr\u00e9szt Erd\u00e9lyben \u00e9ltem, m\u00e1sr\u00e9szt azt hittem, hogy ide csak a legk\u00fcl\u00f6nbek \u00edrhatnak. Amikor h\u00e1rom \u00e9ve szembej\u00f6tt velem a felh\u00edv\u00e1s, hogy sz\u00fcks\u00e9g van \u00f6nk\u00e9ntesekre, akik \u00edr\u00e1s vagy szerkeszt\u00e9s ter\u00e9n be tudn\u00e1nak seg\u00edteni a Bella Girl munk\u00e1j\u00e1ba, azonnal elkezdtem megfogalmazni felk\u00e9r\u00e9s\u00fckre a v\u00e1laszt. Nagyon szerettem volna szolg\u00e1lni, s az \u00dar az \u00edr\u00e1st kezdte egyre jobban a sz\u00edvemre helyezni. Amikor kider\u00fclt, hogy nem csak \u201efelvettek\u201d, hanem most pont nagy sz\u00fcks\u00e9g van az \u00faj cikkekre, el voltam sz\u00e1llva a boldogs\u00e1gt\u00f3l. Vajon t\u00e9nyleg \u00edgy hallgatja meg Isten az im\u00e1imat s \u00edgy ad szolg\u00e1lati lehet\u0151s\u00e9get?&nbsp;<\/h4>\n<h4>Az\u00f3ta egyetemista lettem Kolozsv\u00e1ron, a b\u00f6lcs\u00e9szeti tansz\u00e9ken tanulok magyar\u2014francia szakon. Ez\u00e9rt a lehet\u0151s\u00e9g\u00e9rt nemcsak tanul\u00e1s szempontj\u00e1b\u00f3l vagyok h\u00e1l\u00e1s, hanem az\u00e9rt is, mert lelki szempontb\u00f3l is sok \u00faj dolgot mutatott meg az \u00dar ez\u00e1ltal. Tan\u00edt arra, hogy amikor nincs miben rem\u00e9nykedni, akkor Benne b\u00edzhatok, de akkor se forduljak el t\u0151le egy szempillant\u00e1sra sem, ha \u00fagy t\u0171nik, j\u00f3l haladnak a dolgok. L\u00e1thatom a k\u00f6z\u00f6ss\u00e9g, a h\u00edv\u0151 t\u00e1rsak, lelki bar\u00e1tn\u0151k \u00e1ltal ny\u00fajtott \u00e1ld\u00e1sokat. M\u00e9rhetetlen\u00fcl h\u00e1l\u00e1s vagyok a csal\u00e1domnak is, hogy t\u00e1mogatnak mind egyetem, mind a Bella Girl csapat\u00e1ban val\u00f3 szolg\u00e1latban. Szeretek olvasni, \u00edrni, de m\u00e9g jobban szeretn\u00e9m azt, hogy \u00e1ltalam ismert Isten sz\u00f3l\u00edtson meg \u00e9s b\u00e1tor\u00edtson titeket is. Az \u00d6v\u00e9 a dics\u0151s\u00e9g minden\u00e9rt!<\/h4>\n<h4>&nbsp;<\/h4>\n","protected":false},"excerpt":{"rendered":"<p>M\u00e1r gyermekkoromban tal\u00e1lkoztam az \u00dar J\u00e9zussal, de \u00fagy igaz\u00e1n hat \u00e9vvel ezel\u0151tt lettem az \u00d6v\u00e9, az \u0150 megv\u00e1ltott gyermeke, b\u00e1r\u00e1nyk\u00e1ja. Az\u00f3ta foglalkoztat Isten terve az \u00e9letemre n\u00e9zve, annak a szolg\u00e1lati ter\u00fcletnek a megtal\u00e1l\u00e1sa, ahol \u0150 szeretne l\u00e1tni engem.&nbsp; A Bella Girl Magazinnal tinik\u00e9nt tal\u00e1lkoztam, el\u0151sz\u00f6r a vide\u00f3kat n\u00e9zegett\u00fck a bar\u00e1tn\u0151immel egy\u00fctt, majd a cikkeket is&#8230;<a class=\"btnReadMore blake-von-hauer-font-3\" href=\"https:\/\/bellagirlmagazin.hu\/?page_id=8026\"> \/ TOV\u00c1BB OLVASOM \/<\/a><\/p>\n","protected":false},"author":1,"featured_media":0,"parent":0,"menu_order":0,"comment_status":"closed","ping_status":"closed","template":"","meta":{"ngg_post_thumbnail":0,"footnotes":""},"aioseo_notices":[],"jetpack-related-posts":[],"jetpack_sharing_enabled":true,"_links":{"self":[{"href":"https:\/\/bellagirlmagazin.hu\/index.php?rest_route=\/wp\/v2\/pages\/8026"}],"collection":[{"href":"https:\/\/bellagirlmagazin.hu\/index.php?rest_route=\/wp\/v2\/pages"}],"about":[{"href":"https:\/\/bellagirlmagazin.hu\/index.php?rest_route=\/wp\/v2\/types\/page"}],"author":[{"embeddable":true,"href":"https:\/\/bellagirlmagazin.hu\/index.php?rest_route=\/wp\/v2\/users\/1"}],"replies":[{"embeddable":true,"href":"https:\/\/bellagirlmagazin.hu\/index.php?rest_route=%2Fwp%2Fv2%2Fcomments&post=8026"}],"version-history":[{"count":1,"href":"https:\/\/bellagirlmagazin.hu\/index.php?rest_route=\/wp\/v2\/pages\/8026\/revisions"}],"predecessor-version":[{"id":8027,"href":"https:\/\/bellagirlmagazin.hu\/index.php?rest_route=\/wp\/v2\/pages\/8026\/revisions\/8027"}],"wp:attachment":[{"href":"https:\/\/bellagirlmagazin.hu\/index.php?rest_route=%2Fwp%2Fv2%2Fmedia&parent=8026"}],"curies":[{"name":"wp","href":"https:\/\/api.w.org\/{rel}","templated":true}]}}