{"id":8022,"date":"2024-03-19T21:57:48","date_gmt":"2024-03-19T20:57:48","guid":{"rendered":"https:\/\/bellagirlmagazin.hu\/?page_id=8022"},"modified":"2024-03-19T21:57:48","modified_gmt":"2024-03-19T20:57:48","slug":"jakob-zsuzsanna","status":"publish","type":"page","link":"https:\/\/bellagirlmagazin.hu\/?page_id=8022","title":{"rendered":"J\u00e1kob Zsuzsanna"},"content":{"rendered":"<h4>Isten szeretett Le\u00e1nya vagyok. Fiatal kereszt\u00e9ny feln\u0151ttk\u00e9nt Budapesten \u00e9lem az \u00e9letet. Kereszt\u00e9ny csal\u00e1dba n\u0151ttem fel 4 tes\u00f3mmal, s nagyon k\u00f6zel \u00e1ll a sz\u00edvemhez a vid\u00e9ki \u00e9let var\u00e1zsa. Reform\u00e1tus gy\u00fclekezet tagja vagyok, egyetemi \u00e9veim alatt akt\u00edvan r\u00e9szt vettem a MEKDSZ di\u00e1kk\u00f6r\u00f6k\u00f6n, Egyetemi Gy\u00fcliben, EXODUS-ban, Ifivezet\u0151 k\u00e9pz\u00e9sen, Csillagponton is.<\/h4>\n<h4>&nbsp;<\/h4>\n<h4>3,5 \u00e9ve dolgozom, mint gy\u00f3gytorn\u00e1sz \u00e9s nagyon szeretem a munk\u00e1m, egy fantasztikus mag\u00e1nrendel\u0151ben fejl\u0151dhetek szakmailag.<\/h4>\n<h4>&nbsp;<\/h4>\n<h4>7 h\u00f3napja boldog Menyasszony vagyok, p\u00e1romat a MEKDSZ-ben ismertem meg, tavaly 13 h\u00f3napot t\u00e1vkapcsolatban t\u00f6lt\u00f6tt\u00fcnk. H\u00e1l\u00e1val tekint\u00fcnk vissza erre az id\u0151szakra, ami m\u00e9g jobban meger\u0151s\u00edtette kapcsolatunkat.<\/h4>\n<h4>&nbsp;<\/h4>\n<h4>Szabadid\u0151mben szeretek futni, nagyokat t\u00far\u00e1zni, sportolni, finoms\u00e0gokat s\u00fctni-f\u0151zni, kreat\u00edvan alkotni.<\/h4>\n<h4>Mindig is szerettem \u00edrni: napl\u00f3t, verseket, novell\u00e1t, cikket, terveket. Az \u00faj\u00e9vi terveimen gondolkodva, \u00faj szolg\u00e1lati lehet\u0151s\u00e9gre v\u00e1gyakozva, Isten egy reggeli csendess\u00e9gem ut\u00e1n nagyon a sz\u00edvemre helyezte a Bella Girl \u00e1ltal v\u00e9gzett munk\u00e1t, \u00edgy kaptam az er\u0151t, s b\u00e1tor\u00edt\u00e1st, hogy j\u00f6jjek, s jelentkeztem is r\u00f6gt\u00f6n az \u00edr\u00f3i feladatk\u00f6rre!<\/h4>\n<h4>&nbsp;<\/h4>\n<h4>K\u00f6r\u00fclbel\u00fcl 5 \u00e9ve bukkantam r\u00e1 a Bella Girl You Tube csatorn\u00e1j\u00e1ra, majd a magazinra. Sok b\u00e1tor\u00edt\u00e1st \u00e9s inspir\u00e1ci\u00f3t nyerek ezekb\u0151l az \u00e1ldott forr\u00e1sokb\u00f3l.<\/h4>\n<h4>Sz\u00e1momra is nagyon fontos a Bella Girl misszi\u00f3ja, amin kereszt\u00fcl kereszt\u00e9ny \u00e9rt\u00e9keken alapul\u00f3, hiteles tartalmakat k\u00f6zvet\u00edthet\u00fcnk olyan fiatal l\u00e1nyok fel\u00e9, akik rengeteg k\u00e9rd\u00e9ssel, kih\u00edv\u00e1ssal k\u00fczdenek. Szeretn\u00e9nk \u0151ket t\u00e1mogatni abban, hogy \u00fagy n\u00e9zzenek magukra, ahogyan Isten is l\u00e1tja \u0151ket \u00e9s azz\u00e1 v\u00e1ljanak, akinek \u0150 elgondolta.<\/h4>\n<h4><\/h4>\n","protected":false},"excerpt":{"rendered":"<p>Isten szeretett Le\u00e1nya vagyok. Fiatal kereszt\u00e9ny feln\u0151ttk\u00e9nt Budapesten \u00e9lem az \u00e9letet. Kereszt\u00e9ny csal\u00e1dba n\u0151ttem fel 4 tes\u00f3mmal, s nagyon k\u00f6zel \u00e1ll a sz\u00edvemhez a vid\u00e9ki \u00e9let var\u00e1zsa. Reform\u00e1tus gy\u00fclekezet tagja vagyok, egyetemi \u00e9veim alatt akt\u00edvan r\u00e9szt vettem a MEKDSZ di\u00e1kk\u00f6r\u00f6k\u00f6n, Egyetemi Gy\u00fcliben, EXODUS-ban, Ifivezet\u0151 k\u00e9pz\u00e9sen, Csillagponton is. &nbsp; 3,5 \u00e9ve dolgozom, mint gy\u00f3gytorn\u00e1sz \u00e9s nagyon&#8230;<a class=\"btnReadMore blake-von-hauer-font-3\" href=\"https:\/\/bellagirlmagazin.hu\/?page_id=8022\"> \/ TOV\u00c1BB OLVASOM \/<\/a><\/p>\n","protected":false},"author":1,"featured_media":0,"parent":0,"menu_order":0,"comment_status":"closed","ping_status":"closed","template":"","meta":{"ngg_post_thumbnail":0,"footnotes":""},"aioseo_notices":[],"jetpack-related-posts":[],"jetpack_sharing_enabled":true,"_links":{"self":[{"href":"https:\/\/bellagirlmagazin.hu\/index.php?rest_route=\/wp\/v2\/pages\/8022"}],"collection":[{"href":"https:\/\/bellagirlmagazin.hu\/index.php?rest_route=\/wp\/v2\/pages"}],"about":[{"href":"https:\/\/bellagirlmagazin.hu\/index.php?rest_route=\/wp\/v2\/types\/page"}],"author":[{"embeddable":true,"href":"https:\/\/bellagirlmagazin.hu\/index.php?rest_route=\/wp\/v2\/users\/1"}],"replies":[{"embeddable":true,"href":"https:\/\/bellagirlmagazin.hu\/index.php?rest_route=%2Fwp%2Fv2%2Fcomments&post=8022"}],"version-history":[{"count":1,"href":"https:\/\/bellagirlmagazin.hu\/index.php?rest_route=\/wp\/v2\/pages\/8022\/revisions"}],"predecessor-version":[{"id":8023,"href":"https:\/\/bellagirlmagazin.hu\/index.php?rest_route=\/wp\/v2\/pages\/8022\/revisions\/8023"}],"wp:attachment":[{"href":"https:\/\/bellagirlmagazin.hu\/index.php?rest_route=%2Fwp%2Fv2%2Fmedia&parent=8022"}],"curies":[{"name":"wp","href":"https:\/\/api.w.org\/{rel}","templated":true}]}}