{"id":8020,"date":"2024-03-19T21:56:18","date_gmt":"2024-03-19T20:56:18","guid":{"rendered":"https:\/\/bellagirlmagazin.hu\/?page_id=8020"},"modified":"2024-03-19T21:56:46","modified_gmt":"2024-03-19T20:56:46","slug":"toth-renata-anna","status":"publish","type":"page","link":"https:\/\/bellagirlmagazin.hu\/?page_id=8020","title":{"rendered":"T\u00f3th Ren\u00e1ta Anna"},"content":{"rendered":"<h2>Sziasztok!&nbsp;<\/h2>\n<h4>Reni vagyok, \u00e9s m\u00e1r n\u00e9gy \u00e9ve \u00e9lem az \u0151r\u00fclten p\u00f6rg\u0151s egyetemista \u00e9letemet, amiben a kedves csal\u00e1dom, csod\u00e1s bar\u00e1taim \u00e9s a mindegyik\u00fckn\u00e9l nagyszer\u0171bb Istenem k\u00eds\u00e9r sz\u00fcntelen. Anglisztik\u00e1t tanulok, most mellette egy ford\u00edt\u00f3i k\u00e9pz\u00e9st is v\u00e9gzek. Gy\u00fclekezetemben zenei szolg\u00e1latot v\u00e9gzek, \u00edgy ezt mondan\u00e1m a legmeghat\u00e1roz\u00f3bb hobbimnak is: az \u00e9nekl\u00e9st, orgon\u00e1l\u00e1st, furuly\u00e1z\u00e1st, dics\u0151\u00edt\u00e9st.&nbsp;<\/h4>\n<h4>A Bell\u00e1val 5-6 \u00e9ve tal\u00e1lkoztam a Facebookon kereszt\u00fcl, m\u00e1r nem eml\u00e9kszem, pontosan hogyan. N\u00e9gy \u00e9ve ker\u00fcltem k\u00f6zelebb a magazinhoz, amikor megnyertem egy \u00edr\u00f3i p\u00e1ly\u00e1zatot (pont a zenei szolg\u00e1latomr\u00f3l \u00edrtam benne), \u00e9s bevettek az \u00f6nk\u00e9ntes csapatba. Az\u00f3ta voltak akt\u00edv \u00e9s kev\u00e9sb\u00e9 akt\u00edv id\u0151szakaim a magazinn\u00e1l, de mindig fontosnak tartottam ezt a szolg\u00e1latot, mert nagy sz\u00fcks\u00e9ge van a tinil\u00e1nyoknak, fiatal feln\u0151tteknek Isten szerinti \u00fatmutat\u00e1sra az \u00e9let \u00fatveszt\u0151j\u00e9ben. T\u00f6bb t\u00e9m\u00e1r\u00f3l a Bell\u00e1ban olvastam el\u0151sz\u00f6r kereszt\u00e9ny szemmel, \u00e9s k\u00edv\u00e1nom, hogy m\u00e9g sok fiatal l\u00e1nynak lehessen \u00e1ld\u00e1s ez a magazin.&nbsp;<\/h4>\n<h4>&nbsp;<\/h4>\n","protected":false},"excerpt":{"rendered":"<p>Sziasztok!&nbsp; Reni vagyok, \u00e9s m\u00e1r n\u00e9gy \u00e9ve \u00e9lem az \u0151r\u00fclten p\u00f6rg\u0151s egyetemista \u00e9letemet, amiben a kedves csal\u00e1dom, csod\u00e1s bar\u00e1taim \u00e9s a mindegyik\u00fckn\u00e9l nagyszer\u0171bb Istenem k\u00eds\u00e9r sz\u00fcntelen. Anglisztik\u00e1t tanulok, most mellette egy ford\u00edt\u00f3i k\u00e9pz\u00e9st is v\u00e9gzek. Gy\u00fclekezetemben zenei szolg\u00e1latot v\u00e9gzek, \u00edgy ezt mondan\u00e1m a legmeghat\u00e1roz\u00f3bb hobbimnak is: az \u00e9nekl\u00e9st, orgon\u00e1l\u00e1st, furuly\u00e1z\u00e1st, dics\u0151\u00edt\u00e9st.&nbsp; A Bell\u00e1val 5-6 \u00e9ve&#8230;<a class=\"btnReadMore blake-von-hauer-font-3\" href=\"https:\/\/bellagirlmagazin.hu\/?page_id=8020\"> \/ TOV\u00c1BB OLVASOM \/<\/a><\/p>\n","protected":false},"author":1,"featured_media":0,"parent":0,"menu_order":0,"comment_status":"closed","ping_status":"closed","template":"","meta":{"ngg_post_thumbnail":0,"footnotes":""},"aioseo_notices":[],"jetpack-related-posts":[],"jetpack_sharing_enabled":true,"_links":{"self":[{"href":"https:\/\/bellagirlmagazin.hu\/index.php?rest_route=\/wp\/v2\/pages\/8020"}],"collection":[{"href":"https:\/\/bellagirlmagazin.hu\/index.php?rest_route=\/wp\/v2\/pages"}],"about":[{"href":"https:\/\/bellagirlmagazin.hu\/index.php?rest_route=\/wp\/v2\/types\/page"}],"author":[{"embeddable":true,"href":"https:\/\/bellagirlmagazin.hu\/index.php?rest_route=\/wp\/v2\/users\/1"}],"replies":[{"embeddable":true,"href":"https:\/\/bellagirlmagazin.hu\/index.php?rest_route=%2Fwp%2Fv2%2Fcomments&post=8020"}],"version-history":[{"count":1,"href":"https:\/\/bellagirlmagazin.hu\/index.php?rest_route=\/wp\/v2\/pages\/8020\/revisions"}],"predecessor-version":[{"id":8021,"href":"https:\/\/bellagirlmagazin.hu\/index.php?rest_route=\/wp\/v2\/pages\/8020\/revisions\/8021"}],"wp:attachment":[{"href":"https:\/\/bellagirlmagazin.hu\/index.php?rest_route=%2Fwp%2Fv2%2Fmedia&parent=8020"}],"curies":[{"name":"wp","href":"https:\/\/api.w.org\/{rel}","templated":true}]}}