{"id":8018,"date":"2024-03-19T21:54:59","date_gmt":"2024-03-19T20:54:59","guid":{"rendered":"https:\/\/bellagirlmagazin.hu\/?page_id=8018"},"modified":"2024-03-19T21:54:59","modified_gmt":"2024-03-19T20:54:59","slug":"noe-dominika","status":"publish","type":"page","link":"https:\/\/bellagirlmagazin.hu\/?page_id=8018","title":{"rendered":"No\u00e9 Dominika"},"content":{"rendered":"<h2>Kedves Bella l\u00e1nyok!<\/h2>\n<h4>No\u00e9 Dominika vagyok, a Bella Girl Magazin f\u0151szerkeszt\u0151-helyettese. K\u00f6zeli bar\u00e1taimnak csak Domis. 19 \u00e9ves vagyok, jelenleg a Szegedi Tudom\u00e1nyegyetem&nbsp; els\u0151 \u00e9ves tanul\u00f3ja vagyok kommunik\u00e1ci\u00f3 \u00e9s m\u00e9diatudom\u00e1ny szakon. A Bella Girl Magazinnal k\u00f6r\u00fclbel\u00fcl n\u00e9gy \u00e9ve tal\u00e1lkoztam, amikor Apuk\u00e1m megrendelte nekem az els\u0151 nyomtatott sz\u00e1mot, majd sz\u00e9pen, sorban az \u00f6sszes, addig megjelent sz\u00e1mot. Ekkor m\u00e9g \u00e1lmodni sem mertem volna r\u00f3la, hogy \u00e9n majd egyszer a Bella csapat r\u00e9sze leszek, s\u0151t, hogy akt\u00edv \u00edr\u00f3juk leszek. \u00c9pp ez\u00e9rt, hatalmas meglepet\u00e9sk\u00e9nt \u00e9rt, amikor egy kar\u00e1csonyi \u00edr\u00f3i p\u00e1ly\u00e1zatuk ut\u00e1n megkerestek, hogy lenne-e kedvem cikkeket \u00edrni az online magazinba. Term\u00e9szetesen igent mondtam, hiszen ez nagyon nagy lehet\u0151s\u00e9g volt nekem, m\u00e9g gimnazista fejjel.&nbsp;<\/h4>\n<h4>Az\u00f3ta t\u00f6bbsz\u00f6r tal\u00e1lkozhattatok a cikkeimmel, valamint a heti b\u00e1tor\u00edt\u00f3k k\u00e9sz\u00edt\u00e9s\u00e9b\u0151l is kiveszem a r\u00e9szem. Sz\u00e1momra az\u00e9rt is fontos a Bella Girl Magazin misszi\u00f3ja, mert \u00e9n szem\u00e9lyesen tapasztaltam meg, hogy milyen v\u00e1ltoz\u00e1sokat tud hozni az ember \u00e9let\u00e9be, amikor egy tin\u00e9dzser l\u00e1ny tal\u00e1lkozik a magazinnal. Elkezdtem \u00e9rt\u00e9kesnek, sz\u00e9pnek, egyedinek \u00e9rezni magam, amit el\u0151tte nem igaz\u00e1n mondtam volna magamr\u00f3l. A szolg\u00e1latommal \u00e9pp ez a c\u00e9lom. V\u00e1gyam az, hogy min\u00e9l t\u00f6bb l\u00e1ny, fiatal n\u0151 kezdjen el tiszt\u00e1n l\u00e1tni. Tiszt\u00e1n l\u00e1tni \u00f6nmag\u00e1t, az \u00e9rt\u00e9keit, \u00e9s a vil\u00e1gban bet\u00f6lt\u00f6tt szerep\u00e9t. Ha egy ilyen esetben el\u00e9rem ezt egy cikkemmel, vagy egy b\u00e1tor\u00edt\u00f3val, \u00e9n m\u00e1r sz\u00e1rnyalok a boldogs\u00e1gt\u00f3l.&nbsp;<\/h4>\n<h4>A magazinban val\u00f3 szolg\u00e1latomon k\u00edv\u00fcl szabadid\u0151mben \u00e9nekelek, szeretek festeni \u00e9s nagy s\u00e9t\u00e1kat tenni a term\u00e9szetben.&nbsp;<\/h4>\n<p>&nbsp;<\/p>\n","protected":false},"excerpt":{"rendered":"<p>Kedves Bella l\u00e1nyok! No\u00e9 Dominika vagyok, a Bella Girl Magazin f\u0151szerkeszt\u0151-helyettese. K\u00f6zeli bar\u00e1taimnak csak Domis. 19 \u00e9ves vagyok, jelenleg a Szegedi Tudom\u00e1nyegyetem&nbsp; els\u0151 \u00e9ves tanul\u00f3ja vagyok kommunik\u00e1ci\u00f3 \u00e9s m\u00e9diatudom\u00e1ny szakon. A Bella Girl Magazinnal k\u00f6r\u00fclbel\u00fcl n\u00e9gy \u00e9ve tal\u00e1lkoztam, amikor Apuk\u00e1m megrendelte nekem az els\u0151 nyomtatott sz\u00e1mot, majd sz\u00e9pen, sorban az \u00f6sszes, addig megjelent sz\u00e1mot. Ekkor&#8230;<a class=\"btnReadMore blake-von-hauer-font-3\" href=\"https:\/\/bellagirlmagazin.hu\/?page_id=8018\"> \/ TOV\u00c1BB OLVASOM \/<\/a><\/p>\n","protected":false},"author":1,"featured_media":0,"parent":0,"menu_order":0,"comment_status":"closed","ping_status":"closed","template":"","meta":{"ngg_post_thumbnail":0,"footnotes":""},"aioseo_notices":[],"jetpack-related-posts":[],"jetpack_sharing_enabled":true,"_links":{"self":[{"href":"https:\/\/bellagirlmagazin.hu\/index.php?rest_route=\/wp\/v2\/pages\/8018"}],"collection":[{"href":"https:\/\/bellagirlmagazin.hu\/index.php?rest_route=\/wp\/v2\/pages"}],"about":[{"href":"https:\/\/bellagirlmagazin.hu\/index.php?rest_route=\/wp\/v2\/types\/page"}],"author":[{"embeddable":true,"href":"https:\/\/bellagirlmagazin.hu\/index.php?rest_route=\/wp\/v2\/users\/1"}],"replies":[{"embeddable":true,"href":"https:\/\/bellagirlmagazin.hu\/index.php?rest_route=%2Fwp%2Fv2%2Fcomments&post=8018"}],"version-history":[{"count":1,"href":"https:\/\/bellagirlmagazin.hu\/index.php?rest_route=\/wp\/v2\/pages\/8018\/revisions"}],"predecessor-version":[{"id":8019,"href":"https:\/\/bellagirlmagazin.hu\/index.php?rest_route=\/wp\/v2\/pages\/8018\/revisions\/8019"}],"wp:attachment":[{"href":"https:\/\/bellagirlmagazin.hu\/index.php?rest_route=%2Fwp%2Fv2%2Fmedia&parent=8018"}],"curies":[{"name":"wp","href":"https:\/\/api.w.org\/{rel}","templated":true}]}}