{"id":8013,"date":"2024-03-19T21:51:57","date_gmt":"2024-03-19T20:51:57","guid":{"rendered":"https:\/\/bellagirlmagazin.hu\/?page_id=8013"},"modified":"2025-04-09T12:30:58","modified_gmt":"2025-04-09T10:30:58","slug":"toth-suranyi-nikoletta","status":"publish","type":"page","link":"https:\/\/bellagirlmagazin.hu\/?page_id=8013","title":{"rendered":"T\u00f3th-Sur\u00e1nyi Nikoletta"},"content":{"rendered":"<p style=\"text-align: center;\">&nbsp;<\/p>\n<p style=\"text-align: center;\">Sziasztok!<br \/>\nFeles\u00e9g \u00e9s h\u00e1rom csod\u00e1latos gyermek \u00e9desanyuk\u00e1ja vagyok.<\/p>\n<p style=\"text-align: center;\">Hitre jut\u00e1som mind a mag\u00e1n-, mind a szakmai \u00e9letemben teljes p\u00e1lfordul\u00e1st hozott.<br \/>\n2008. okt\u00f3ber 31-\u00e9n, 28 \u00e9vesen tiszta sz\u00edvvel megvallottam, hogy J\u00c9ZUS KRISZTUS TULAJDONA VAGYOK.<\/p>\n<p style=\"text-align: center;\">Szem\u00e9lyes k\u00fcldet\u00e9sem, hogy HITET, B\u00c1TORS\u00c1GOT \u00e9s szeretetteljes T\u00c1MOGAT\u00c1ST ny\u00fajtsak fiatal l\u00e1nyoknak \u00e9s n\u0151knek, seg\u00edtve \u0151ket abban, hogy felismerj\u00e9k a benn\u00fck rejl\u0151 \u00e9rt\u00e9keket \u00e9s lehet\u0151s\u00e9geket, valamint beteljes\u00edts\u00e9k Isten t\u00f6k\u00e9letes terv\u00e9t az \u00e9let\u00fckben, s b\u00e1tran k\u00f6vess\u00e9k \u00e1lmaikat. Ennek egyik eszk\u00f6ze a Bella Girl Magazin, amelynek 2016 \u00f3ta alap\u00edt\u00f3 f\u0151szerkeszt\u0151je vagyok.<\/p>\n<p style=\"text-align: center;\">Kereszt\u00e9ny szeml\u00e9let\u0171 megold\u00e1sf\u00f3kusz\u00fa gyermek-\u00e9s kamasz coachk\u00e9nt illetve Zumba Fitness oktat\u00f3k\u00e9nt tartok egy\u00e9ni \u00e9s csoportos foglalkoz\u00e1sokat.<\/p>\n<p style=\"text-align: center;\">&nbsp;<\/p>\n<p style=\"text-align: center;\">&nbsp;<\/p>\n","protected":false},"excerpt":{"rendered":"<p>&nbsp; Sziasztok! Feles\u00e9g \u00e9s h\u00e1rom csod\u00e1latos gyermek \u00e9desanyuk\u00e1ja vagyok. Hitre jut\u00e1som mind a mag\u00e1n-, mind a szakmai \u00e9letemben teljes p\u00e1lfordul\u00e1st hozott. 2008. okt\u00f3ber 31-\u00e9n, 28 \u00e9vesen tiszta sz\u00edvvel megvallottam, hogy J\u00c9ZUS KRISZTUS TULAJDONA VAGYOK. Szem\u00e9lyes k\u00fcldet\u00e9sem, hogy HITET, B\u00c1TORS\u00c1GOT \u00e9s szeretetteljes T\u00c1MOGAT\u00c1ST ny\u00fajtsak fiatal l\u00e1nyoknak \u00e9s n\u0151knek, seg\u00edtve \u0151ket abban, hogy felismerj\u00e9k a benn\u00fck rejl\u0151&#8230;<a class=\"btnReadMore blake-von-hauer-font-3\" href=\"https:\/\/bellagirlmagazin.hu\/?page_id=8013\"> \/ TOV\u00c1BB OLVASOM \/<\/a><\/p>\n","protected":false},"author":1,"featured_media":8321,"parent":0,"menu_order":0,"comment_status":"closed","ping_status":"closed","template":"","meta":{"ngg_post_thumbnail":0,"footnotes":""},"aioseo_notices":[],"jetpack-related-posts":[],"jetpack_sharing_enabled":true,"_links":{"self":[{"href":"https:\/\/bellagirlmagazin.hu\/index.php?rest_route=\/wp\/v2\/pages\/8013"}],"collection":[{"href":"https:\/\/bellagirlmagazin.hu\/index.php?rest_route=\/wp\/v2\/pages"}],"about":[{"href":"https:\/\/bellagirlmagazin.hu\/index.php?rest_route=\/wp\/v2\/types\/page"}],"author":[{"embeddable":true,"href":"https:\/\/bellagirlmagazin.hu\/index.php?rest_route=\/wp\/v2\/users\/1"}],"replies":[{"embeddable":true,"href":"https:\/\/bellagirlmagazin.hu\/index.php?rest_route=%2Fwp%2Fv2%2Fcomments&post=8013"}],"version-history":[{"count":2,"href":"https:\/\/bellagirlmagazin.hu\/index.php?rest_route=\/wp\/v2\/pages\/8013\/revisions"}],"predecessor-version":[{"id":8325,"href":"https:\/\/bellagirlmagazin.hu\/index.php?rest_route=\/wp\/v2\/pages\/8013\/revisions\/8325"}],"wp:featuredmedia":[{"embeddable":true,"href":"https:\/\/bellagirlmagazin.hu\/index.php?rest_route=\/wp\/v2\/media\/8321"}],"wp:attachment":[{"href":"https:\/\/bellagirlmagazin.hu\/index.php?rest_route=%2Fwp%2Fv2%2Fmedia&parent=8013"}],"curies":[{"name":"wp","href":"https:\/\/api.w.org\/{rel}","templated":true}]}}