{"id":2,"date":"2015-11-19T10:53:31","date_gmt":"2015-11-19T09:53:31","guid":{"rendered":"http:\/\/bellagirlmagazin.hu\/?page_id=2"},"modified":"2025-04-08T16:26:21","modified_gmt":"2025-04-08T14:26:21","slug":"rolunk","status":"publish","type":"page","link":"https:\/\/bellagirlmagazin.hu\/?page_id=2","title":{"rendered":"Kik vagyunk?"},"content":{"rendered":"<p>A Bella Girl szerkeszt\u0151s\u00e9gi csapata olyan szenved\u00e9lyes \u00e9s elk\u00f6telezett kereszt\u00e9ny n\u0151kb\u0151l \u00e1ll, akiknek sz\u00edv\u00fcgye a fiatal l\u00e1nyok \u00e9s a n\u0151k sorsa. Sokf\u00e9l\u00e9k vagyunk \u2013 elt\u00e9r\u0151 \u00e9letkorral, szem\u00e9lyis\u00e9ggel, foglalkoz\u00e1ssal, felekezeti h\u00e1tt\u00e9rrel \u2013, m\u00e9gis egyek vagyunk az elh\u00edv\u00e1sunkban. A magazin szerkeszt\u00e9s\u00e9t \u00f6nk\u00e9ntesk\u00e9nt, Istennek val\u00f3 szolg\u00e1latk\u00e9nt v\u00e9gezz\u00fck, mert hissz\u00fck, hogy a l\u00e1nyoknak sz\u00fcks\u00e9g\u00fck van b\u00e1tor\u00edt\u00e1sra, \u00fatmutat\u00e1sra \u00e9s hitre, amely meger\u0151s\u00edti \u0151ket az \u00e9let kih\u00edv\u00e1saiban.<\/p>\n","protected":false},"excerpt":{"rendered":"<p>A Bella Girl szerkeszt\u0151s\u00e9gi csapata olyan szenved\u00e9lyes \u00e9s elk\u00f6telezett kereszt\u00e9ny n\u0151kb\u0151l \u00e1ll, akiknek sz\u00edv\u00fcgye a fiatal l\u00e1nyok \u00e9s a n\u0151k sorsa. Sokf\u00e9l\u00e9k vagyunk \u2013 elt\u00e9r\u0151 \u00e9letkorral, szem\u00e9lyis\u00e9ggel, foglalkoz\u00e1ssal, felekezeti h\u00e1tt\u00e9rrel \u2013, m\u00e9gis egyek vagyunk az elh\u00edv\u00e1sunkban. A magazin szerkeszt\u00e9s\u00e9t \u00f6nk\u00e9ntesk\u00e9nt, Istennek val\u00f3 szolg\u00e1latk\u00e9nt v\u00e9gezz\u00fck, mert hissz\u00fck, hogy a l\u00e1nyoknak sz\u00fcks\u00e9g\u00fck van b\u00e1tor\u00edt\u00e1sra, \u00fatmutat\u00e1sra \u00e9s hitre,&#8230;<a class=\"btnReadMore blake-von-hauer-font-3\" href=\"https:\/\/bellagirlmagazin.hu\/?page_id=2\"> \/ TOV\u00c1BB OLVASOM \/<\/a><\/p>\n","protected":false},"author":1,"featured_media":5788,"parent":0,"menu_order":0,"comment_status":"closed","ping_status":"closed","template":"","meta":{"ngg_post_thumbnail":0,"footnotes":""},"aioseo_notices":[],"jetpack-related-posts":[],"jetpack_sharing_enabled":true,"_links":{"self":[{"href":"https:\/\/bellagirlmagazin.hu\/index.php?rest_route=\/wp\/v2\/pages\/2"}],"collection":[{"href":"https:\/\/bellagirlmagazin.hu\/index.php?rest_route=\/wp\/v2\/pages"}],"about":[{"href":"https:\/\/bellagirlmagazin.hu\/index.php?rest_route=\/wp\/v2\/types\/page"}],"author":[{"embeddable":true,"href":"https:\/\/bellagirlmagazin.hu\/index.php?rest_route=\/wp\/v2\/users\/1"}],"replies":[{"embeddable":true,"href":"https:\/\/bellagirlmagazin.hu\/index.php?rest_route=%2Fwp%2Fv2%2Fcomments&post=2"}],"version-history":[{"count":3,"href":"https:\/\/bellagirlmagazin.hu\/index.php?rest_route=\/wp\/v2\/pages\/2\/revisions"}],"predecessor-version":[{"id":8318,"href":"https:\/\/bellagirlmagazin.hu\/index.php?rest_route=\/wp\/v2\/pages\/2\/revisions\/8318"}],"wp:featuredmedia":[{"embeddable":true,"href":"https:\/\/bellagirlmagazin.hu\/index.php?rest_route=\/wp\/v2\/media\/5788"}],"wp:attachment":[{"href":"https:\/\/bellagirlmagazin.hu\/index.php?rest_route=%2Fwp%2Fv2%2Fmedia&parent=2"}],"curies":[{"name":"wp","href":"https:\/\/api.w.org\/{rel}","templated":true}]}}