{"id":18,"date":"2015-12-04T18:28:40","date_gmt":"2015-12-04T17:28:40","guid":{"rendered":"http:\/\/bellagirlmagazin.hu\/?page_id=18"},"modified":"2021-03-09T09:31:42","modified_gmt":"2021-03-09T08:31:42","slug":"impresszum","status":"publish","type":"page","link":"https:\/\/bellagirlmagazin.hu\/?page_id=18","title":{"rendered":"Impresszum"},"content":{"rendered":"<p><strong>A Bella Girl Online Magazin szerkeszt\u0151s\u00e9ge:<\/strong><\/p>\n<p><strong>F\u0151szerkeszt\u0151:&nbsp;<\/strong>T\u00f3th-Sur\u00e1nyi Nikoletta<br \/>\ne-mail: niki@citywomen.hu ; hello@bellagirlmagazin.hu<\/p>\n<p>&nbsp;<\/p>\n<p><strong>Az \u00fczemeltet\u0151 adatai<\/strong><\/p>\n<p><strong><span style=\"line-height: 1.5;\">Az \u00fczemeltet\u0151 neve: Igaz N\u0151i \u00c9rt\u00e9kek\u00e9rt Alap\u00edtv\u00e1ny<br \/>\n<\/span><\/strong>Az \u00fczemeltet\u0151 idegen nyelv\u0171 elnevez\u00e9se: City Women Hungary Foundation<br \/>\nAz \u00fczemeltet\u0151 sz\u00e9khelye: 1202 Budapest, Kalpka utca 104. fszt 1.<br \/>\nAz \u00fczemeltet\u0151 postac\u00edme: 1202 Budapest, Kalpka utca 104. fszt 1.<br \/>\nAz \u00fczemeltet\u0151 ad\u00f3sz\u00e1ma: 18732694-1-13<br \/>\nAz \u00fczemeltet\u0151 adatkezel\u00e9si&nbsp;nyilv\u00e1ntart\u00e1si sz\u00e1ma: NAIH-93718\/2016<\/p>\n<p><strong>Az \u00fczemeltet\u0151 el\u00e9rhet\u0151s\u00e9ge<\/strong><br \/>\nMunkanapokon h\u00e9tf\u0151t\u0151l p\u00e9ntekig&nbsp;9:00 \u2013 16:00 \u00f3r\u00e1ig<br \/>\nMobiltelefon:+ 36 30 2424 890<br \/>\ne-mail: &nbsp;hello[@]bellagirlmagazin[.] hu<\/p>\n<p><strong>Az \u00fczemeltet\u0151 weboldal\u00e1nak t\u00e1rhelyszolg\u00e1ltat\u00f3ja:<\/strong><br \/>\nProfiT\u00e1rhely Kft&nbsp;(sz\u00e9khely: 6000 Kecskem\u00e9t, Liszt Ferenc u. 17\/b. III\/10.,<br \/>\ntelefon: +36 20 254 0866, e-mail: ugyfelszolgalat [@] profitarhely [.] hu).<\/p>\n<p>&nbsp;<\/p>\n<p><img loading=\"lazy\" decoding=\"async\" data-attachment-id=\"723\" data-permalink=\"https:\/\/bellagirlmagazin.hu\/?attachment_id=723\" data-orig-file=\"https:\/\/i0.wp.com\/bellagirlmagazin.hu\/wp-content\/uploads\/2015\/12\/bella_girl_logo.png?fit=222%2C101&amp;ssl=1\" data-orig-size=\"222,101\" data-comments-opened=\"1\" data-image-meta=\"{&quot;aperture&quot;:&quot;0&quot;,&quot;credit&quot;:&quot;&quot;,&quot;camera&quot;:&quot;&quot;,&quot;caption&quot;:&quot;&quot;,&quot;created_timestamp&quot;:&quot;0&quot;,&quot;copyright&quot;:&quot;&quot;,&quot;focal_length&quot;:&quot;0&quot;,&quot;iso&quot;:&quot;0&quot;,&quot;shutter_speed&quot;:&quot;0&quot;,&quot;title&quot;:&quot;&quot;,&quot;orientation&quot;:&quot;0&quot;}\" data-image-title=\"Bella Girl Magazin\" data-image-description=\"\" data-image-caption=\"\" data-medium-file=\"https:\/\/i0.wp.com\/bellagirlmagazin.hu\/wp-content\/uploads\/2015\/12\/bella_girl_logo.png?fit=222%2C101&amp;ssl=1\" data-large-file=\"https:\/\/i0.wp.com\/bellagirlmagazin.hu\/wp-content\/uploads\/2015\/12\/bella_girl_logo.png?fit=222%2C101&amp;ssl=1\" class=\"aligncenter size-full wp-image-723\" src=\"https:\/\/i0.wp.com\/bellagirlmagazin.hu\/wp-content\/uploads\/2015\/12\/bella_girl_logo.png?resize=222%2C101&#038;ssl=1\" alt=\"bella_girl_logo\" width=\"222\" height=\"101\"  data-recalc-dims=\"1\"><\/p>\n<p>&nbsp;<\/p>\n<p>&nbsp;<\/p>\n<p>&nbsp;<\/p>\n","protected":false},"excerpt":{"rendered":"<p>A Bella Girl Online Magazin szerkeszt\u0151s\u00e9ge: F\u0151szerkeszt\u0151:&nbsp;T\u00f3th-Sur\u00e1nyi Nikoletta e-mail: niki@citywomen.hu ; hello@bellagirlmagazin.hu &nbsp; Az \u00fczemeltet\u0151 adatai Az \u00fczemeltet\u0151 neve: Igaz N\u0151i \u00c9rt\u00e9kek\u00e9rt Alap\u00edtv\u00e1ny Az \u00fczemeltet\u0151 idegen nyelv\u0171 elnevez\u00e9se: City Women Hungary Foundation Az \u00fczemeltet\u0151 sz\u00e9khelye: 1202 Budapest, Kalpka utca 104. fszt 1. Az \u00fczemeltet\u0151 postac\u00edme: 1202 Budapest, Kalpka utca 104. fszt 1. Az \u00fczemeltet\u0151 ad\u00f3sz\u00e1ma:&#8230;<a class=\"btnReadMore blake-von-hauer-font-3\" href=\"https:\/\/bellagirlmagazin.hu\/?page_id=18\"> \/ TOV\u00c1BB OLVASOM \/<\/a><\/p>\n","protected":false},"author":6,"featured_media":0,"parent":0,"menu_order":0,"comment_status":"closed","ping_status":"closed","template":"","meta":{"ngg_post_thumbnail":0,"footnotes":""},"aioseo_notices":[],"jetpack-related-posts":[],"jetpack_sharing_enabled":true,"_links":{"self":[{"href":"https:\/\/bellagirlmagazin.hu\/index.php?rest_route=\/wp\/v2\/pages\/18"}],"collection":[{"href":"https:\/\/bellagirlmagazin.hu\/index.php?rest_route=\/wp\/v2\/pages"}],"about":[{"href":"https:\/\/bellagirlmagazin.hu\/index.php?rest_route=\/wp\/v2\/types\/page"}],"author":[{"embeddable":true,"href":"https:\/\/bellagirlmagazin.hu\/index.php?rest_route=\/wp\/v2\/users\/6"}],"replies":[{"embeddable":true,"href":"https:\/\/bellagirlmagazin.hu\/index.php?rest_route=%2Fwp%2Fv2%2Fcomments&post=18"}],"version-history":[{"count":21,"href":"https:\/\/bellagirlmagazin.hu\/index.php?rest_route=\/wp\/v2\/pages\/18\/revisions"}],"predecessor-version":[{"id":6467,"href":"https:\/\/bellagirlmagazin.hu\/index.php?rest_route=\/wp\/v2\/pages\/18\/revisions\/6467"}],"wp:attachment":[{"href":"https:\/\/bellagirlmagazin.hu\/index.php?rest_route=%2Fwp%2Fv2%2Fmedia&parent=18"}],"curies":[{"name":"wp","href":"https:\/\/api.w.org\/{rel}","templated":true}]}}